{"id":16021,"date":"2017-10-12T13:19:18","date_gmt":"2017-10-12T18:19:18","guid":{"rendered":"https:\/\/www.alansalomon.tv\/?page_id=16021"},"modified":"2017-10-12T14:53:09","modified_gmt":"2017-10-12T19:53:09","slug":"privacy-policy","status":"publish","type":"page","link":"https:\/\/www.alansalomon.tv\/en\/privacy-policy\/","title":{"rendered":"Privacy Policy"},"content":{"rendered":"<div class=\"wpb-content-wrapper\"><div      class=\"vc_row wpb_row section vc_row-fluid\" style='background-color:#1e1e1e; text-align:left;'><div class=\"full_section_inner clearfix\"><div class=\"wpb_column vc_column_container vc_col-sm-2\"><div class=\"vc_column-inner\"><div class=\"wpb_wrapper\"><\/div><\/div><\/div><div class=\"wpb_column vc_column_container vc_col-sm-8\"><div class=\"vc_column-inner vc_custom_1507837852709\"><div class=\"wpb_wrapper\">\n\t<div class=\"wpb_text_column wpb_content_element\">\n\t\t<div class=\"wpb_wrapper\">\n\t\t\t<div dir=\"ltr\">\n<p class=\"m_8459218110444950400inbox-inbox-western\"><span style=\"color: #faf6e6;\">AVISO DE PRIVACIDAD DE <a href=\"https:\/\/www.alansalomon.tv\/\" target=\"_blank\" rel=\"noopener\" data-saferedirecturl=\"https:\/\/www.google.com\/url?hl=es&amp;q=http:\/\/ALANSALOMON.TV&amp;source=gmail&amp;ust=1507918440492000&amp;usg=AFQjCNHb7mqiOkQmpMAtssLiC2SgJV7B7w\">ALANSALOMON.TV<\/a> Alan Salomon (en adelante \u201cAlan Salomon\u201d), es la responsable del uso y protecci\u00f3n de sus datos personales de conformidad con lo previsto en la Ley Federal de Protecci\u00f3n de Datos Personales en Posesi\u00f3n de los Particulares, y al respecto le informa lo siguiente: I. DEFINICIONES. Los t\u00e9rminos que se utilizan en el presente Aviso de Privacidad con may\u00fascula inicial tendr\u00e1n para todos los efectos legales ha que haya lugar, salvo que el contexto requiera lo contrario, el significado que se les atribuye a continuaci\u00f3n: Aviso de Privacidad de Alan Salomon: El presente aviso de privacidad de datos personales. Cliente: Cualquier persona que haga uso de los servicios que presta Alan Salomon. Datos Personales: Cualquier informaci\u00f3n concerniente a una persona f\u00edsica identificada o identificable como las que a continuaci\u00f3n se enumeran: Nombre completo, Fecha de Nacimiento, Domicilio, Direcci\u00f3n de correo electr\u00f3nico, Tel\u00e9fono fijo, Tel\u00e9fono m\u00f3vil, N\u00famero de Cuenta Bancaria, Nombre completo del Titular de la Cuenta Bancaria, n\u00famero de la CLABE de la Cuenta Bancaria, datos de Tarjetas de Cr\u00e9dito (nombre del Titular, n\u00famero de la tarjeta, fecha de vencimiento, tipo de tarjeta, c\u00f3digo de seguridad) y dem\u00e1s datos necesarios para que Alan Salomon pueda proveer sus servicios; Informaci\u00f3n crediticia; y Referencias personales. Encargado de Privacidad: La persona encargada de todo lo relacionado con el tratamiento y protecci\u00f3n de sus Datos Personales con quien Usted podr\u00e1 contactarse enviando un correo a la siguiente direcci\u00f3n: <a href=\"mailto:info@alansalomon.tv\" target=\"_blank\" rel=\"noopener\">info@alansalomon.tv<\/a>. Instituto: Instituto Nacional de Transparencia, Acceso a la Informaci\u00f3n y Protecci\u00f3n de Datos Personales. Ley: Ley Federal de Protecci\u00f3n de Datos Personales en Posesi\u00f3n de los Particulares. M\u00e9xico: Los Estados Unidos Mexicanos. P\u00e1gina web: Es el documento electr\u00f3nico propiedad de Alan Salomon en la red mundial denominada internet que se puede encontrar en la siguiente direcci\u00f3n <a href=\"https:\/\/www.alansalomon.tv\/\" target=\"_blank\" rel=\"noopener\" data-saferedirecturl=\"https:\/\/www.google.com\/url?hl=es&amp;q=https:\/\/www.alansalomon.tv&amp;source=gmail&amp;ust=1507918440492000&amp;usg=AFQjCNHqa8jUQrZqWl4Ey5xuPxcDFHTwWA\">www.alansalomon.tv<\/a>. T\u00e9rminos y Condiciones: El Contrato de Arredramiento que celebran los Clientes con Alan Salomon. Titular de los Datos Personales o Titular: La persona a quien corresponden los Datos Personales que sean proporcionados personalmente o a trav\u00e9s de la red mundial denominada internet a Alan Salomon. Usuario: Los Clientes o las personas que hayan completado su registro en la P\u00e1gina Web o en cualquier medio. Las Partes est\u00e1n de acuerdo en que, seg\u00fan lo requiera el contexto, los t\u00e9rminos antes definidos abarcar\u00e1n, igualmente, el singular y el plural, as\u00ed como el masculino y el femenino. II. FINALIDADES Y TRANSMISI\u00d3N DE LOS DATOS PERSONALES. M\u00e1s que una pol\u00edtica, en Alan Salomon tenemos la filosof\u00eda de mantener una relaci\u00f3n estrecha y activa con sus Usuarios. Por lo anterior, sus Datos Personales ser\u00e1n utilizados, para las siguientes finalidades principales, las cuales son necesarias en relaci\u00f3n con los servicios que se prestan personalmente o a trav\u00e9s de la P\u00e1gina Web: Validar su informaci\u00f3n y, en su caso, documentaci\u00f3n. Inscribirlo los avisos de Alan Salomon, darlo de alta en nuestra base de datos e integrar su expediente en Alan Salomon. Crear un directorio de Usuarios de Alan Salomon. Informar sobre cambios de los productos o servicios que presta Alan Salomon. Envi\u00f3 de notificaciones relacionadas con los servicios contratados con Alan Salomon. Evaluar la calidad del servicio proporcionado. Dar cumplimiento a requerimientos por parte de autoridades facultadas previa solicitud por escrito debidamente fundada y motivada. Env\u00edo de comunicados, avisos, mensajes, novedades, invitaciones a eventos y\/o reuniones, sea a trav\u00e9s de medios impresos, electr\u00f3nicos, telef\u00f3nicos y\/o presenciales con fines de cumplimiento y calidad de los servicios que presta Alan Salomon, publicitarios, promocionales, de prospecci\u00f3n comercial o de mercadotecnia. Identificar un patr\u00f3n de uso de cada Usuario a efecto de monitorear posibles fraudes para el caso de pagos con tarjetas de cr\u00e9dito o d\u00e9bito. Para prevenir el acceso no autorizado a sus Datos Personales y con el fin de asegurar que la informaci\u00f3n sea utilizada para los fines establecidos en este Aviso de Privacidad, hemos implementado medidas de seguridad f\u00edsicas, t\u00e9cnicas, electr\u00f3nicas y administrativas de conformidad con la Ley, utilizando tecnolog\u00edas avanzadas que limitan el uso o divulgaci\u00f3n de sus datos, permiti\u00e9ndonos tratarlos debidamente y prohibiendo extraer de las oficinas de Alan Salomon cualquier tipo de informaci\u00f3n que contenga Datos Personales. Si Usted no desea que sus datos personales sean tratados para las finalidades se\u00f1aladas, puede negarnos su consentimiento desde este momento enviando un correo electr\u00f3nico a nuestro Encargado de Privacidad, en el que especifique la o las finalidades para las que no desea que utilicemos sus datos personales. Su negativa no ser\u00e1 motivo para dejar de brindarle los dem\u00e1s servicios y tendr\u00e1 un plazo de 3 (tres) d\u00edas h\u00e1biles para manifestarla. III. DERECHOS ARCO (ACCSESO, RECTIFICACI\u00d3N, CANCELACI\u00d3N u OPOSICI\u00d3N) Y REVOCACI\u00d3N DE SU CONSENTIMIENTO Todos sus Datos Personales son tratados de acuerdo a la normatividad aplicable y vigente en M\u00e9xico, por lo tanto usted goza de los siguientes derechos: ACCESO: Conocer qu\u00e9 datos personales tenemos de usted, para qu\u00e9 los utilizamos y las condiciones del uso que les damos. RECTIFICACI\u00d3N: Solicitar la correcci\u00f3n de su informaci\u00f3n personal en caso de que est\u00e9 desactualizada, sea inexacta o incompleta. CANCELACI\u00d3N: Solicitar que eliminemos la informaci\u00f3n que se encuentre en nuestros registros o bases de datos cuando considere que la misma no est\u00e1 siendo utilizada conforme a las disposiciones previstas en la normatividad aplicable. OPOSICI\u00d3N: Solicitar la no utilizaci\u00f3n de sus Datos Personales para fines espec\u00edficos. Asimismo, usted tiene el derecho de revocar en cualquier momento el consentimiento que en su caso nos haya otorgado para el tratamiento de sus Datos Personales, salvo que no sea procedente en t\u00e9rminos de la normatividad aplicable, lo cual har\u00edamos de su conocimiento en nuestra respuesta a sus solicitud de revocaci\u00f3n. Para conocer el procedimiento, requisitos y plazos para el ejercicio de cualquiera de los derechos mencionados en este numeral, le agradecemos se ponga en contacto v\u00eda correo electr\u00f3nico con nuestro Encargado de Privacidad. Si desea ejercer alguno de los mencionados derechos o bien, limitar el uso y\/o divulgaci\u00f3n de su informaci\u00f3n, deber\u00e1 presentar la solicitud respectiva a nuestro Encargado de Privacidad por la misma v\u00eda, quien dar\u00e1 tr\u00e1mite a dicha solicitud y atender\u00e1 cualquier comentario, duda o queja que pudiera tener respecto al tratamiento de su informaci\u00f3n personal. Nuestro Encargado de Privacidad velar\u00e1 en todo momento por la protecci\u00f3n de su informaci\u00f3n personal en cumplimiento con la normatividad aplicable. De igual manera, los Usuarios podr\u00e1n ejercitar su derecho de acudir ante el Instituto si consideran vulnerado cualquier derecho de los establecidos en este Aviso de Privacidad y\/o en la Ley. IV. Recolecci\u00f3n de datos al navegar en los sitios web de Alan Salomon Alan Salomon puede recabar datos personales a trav\u00e9s de sus sitios web, o mediante el uso de herramientas de captura autom\u00e1tica de datos. Dentro de las herramientas de captura autom\u00e1tica de datos utilizadas por Alan Salomon en sus sitios web se encuentran las cookies, los Web beacons y los enlaces en los correos electr\u00f3nicos. Uso de Cookies. El correcto funcionamiento del Sitio Web requiere de la habilitaci\u00f3n de \u201ccookies\u201d en su navegador de Internet. Las \u201ccookies\u201d son peque\u00f1os archivos de datos transferidos por los sitios web al disco duro de su computadora o dispositivo m\u00f3vil cuando navega por nuestros sitios web. En la mayor\u00eda de los navegadores las cookies se aceptan autom\u00e1ticamente en virtud de su configuraci\u00f3n predeterminada, usted puede ajustar las preferencias de su navegador para aceptar o rechazar las cookies. La desactivaci\u00f3n de las cookies puede inhabilitar diversas funciones de los sitios web de Alan Salomon o que no se muestren correctamente. En caso de que prefiera eliminar las cookies, puede eliminar el archivo al final de cada sesi\u00f3n del explorador. Estas cookies pueden ser deshabilitadas. Para conocer c\u00f3mo hacerlo, puede consultar el siguiente v\u00ednculo o direcci\u00f3n electr\u00f3nica: Internet Explorer: <a href=\"http:\/\/windows.microsoft.com\/es-MX\/windows-vista\/Block-or-allow-cookies\" target=\"_blank\" rel=\"noopener\" data-saferedirecturl=\"https:\/\/www.google.com\/url?hl=es&amp;q=http:\/\/windows.microsoft.com\/es-MX\/windows-vista\/Block-or-allow-cookies&amp;source=gmail&amp;ust=1507918440492000&amp;usg=AFQjCNFe6xF1rBSTE4Hw330t7ZubJmnHww\">http:\/\/windows.microsoft.com\/<wbr \/>es-MX\/windows-vista\/Block-or-<wbr \/>allow-cookies<\/a> Google Chrome:<a href=\"http:\/\/support.google.com\/chrome\/bin\/answer.py?hl=es&amp;hlrm=en&amp;answer=95647\" target=\"_blank\" rel=\"noopener\" data-saferedirecturl=\"https:\/\/www.google.com\/url?hl=es&amp;q=http:\/\/support.google.com\/chrome\/bin\/answer.py?hl%3Des%26hlrm%3Den%26answer%3D95647&amp;source=gmail&amp;ust=1507918440492000&amp;usg=AFQjCNEMJhnbX8Hnr9BsKxFLisg7psSr2g\">http:\/\/support.google.<wbr \/>com\/chrome\/bin\/answer.py?hl=<wbr \/>es&amp;hlrm=en&amp;answer=95647<\/a> Uso de Web beacons. tambi\u00e9n conocidos como etiquetas de Internet, etiquetas de p\u00edxel y clearGIFs. Alan Salomon puede utilizar en sus sitios web y en sus correos electr\u00f3nicos con formato HTML los Web beacons, solos o en combinaci\u00f3n con las cookies, para recopilar informaci\u00f3n sobre el uso de nuestros sitios web y su interacci\u00f3n con el correo electr\u00f3nico. El Web beacon es una imagen electr\u00f3nica, llamada de un solo p\u00edxel (1\u00d71) o GIF que puede reconocer informaci\u00f3n que es procesada en su computadora, como el caso de las cookies, la hora y fecha en que el sitio y sus secciones son visualizados. V\u00ednculos en los correos electr\u00f3nicos de Alan Salomon. Los correos electr\u00f3nicos que incluyen v\u00ednculos que permiten a Alan Salomon saber si ha activado dicho v\u00ednculo y visitado la p\u00e1gina web de destino, pudiendo esta informaci\u00f3n ser incluida en su perfil. Adicionalmente, Alan Salomon utiliza el candado de seguridad SSL para proteger la informaci\u00f3n del Usuario. V TRANSFERENCIA DE DATOS PERSONALES. Sus Datos Personales podr\u00e1n ser transferidos a las siguientes personas f\u00edsicas o morales, en cuyos casos requerimos nos otorgue consentimiento: Personas f\u00edsicas o morales con las que Alan Salomon tenga una relaci\u00f3n comercial o de servicios. Instituciones financieras ya sean de Banca M\u00faltiple o de Desarrollo con las que Alan Salomon tenga una relaci\u00f3n comercial o de servicios. Cuando, en su caso, los requiera el o los proveedores de servicios con los que Alan Salomon tenga una relaci\u00f3n de negocio. Le informamos que previamente a que recabemos sus datos financieros, patrimoniales, le solicitaremos nos otorgue sus consentimiento de manera escrita o electr\u00f3nica. Alan Salomon no recaba bajo ninguna circunstancia datos de los considerados como \u201cDatos Sensibles\u201d por la Ley. Al ejecutar la aplicaci\u00f3n \u201cAcepto\u201d, el Usuario otorga su consentimiento en relaci\u00f3n con el contenido del Aviso de Privacidad y por lo tanto se\u00f1ala que entiende de manera clara y precisa el contenido de este documento por lo que acepta los derechos y obligaciones aqu\u00ed contenidos. Usted puede manifestar su negativa para las transferencias de datos enviando un correo electr\u00f3nico a nuestro Encargado de Privacidad. Si no lo hace, entenderemos que nos ha otorgado su consentimiento. VI. MODIFICACIONES AL AVISO DE PRIVACIDAD. Alan Salomon podr\u00e1 modificar y\/o actualizar el presente aviso de privacidad, inform\u00e1ndole sobre cualquier modificaci\u00f3n o actualizaci\u00f3n a trav\u00e9s de nuestra P\u00e1gina de Web.<\/span><\/p>\n<\/div>\n\n\t\t<\/div> \n\t<\/div> <\/div><\/div><\/div><div class=\"wpb_column vc_column_container vc_col-sm-2\"><div class=\"vc_column-inner\"><div class=\"wpb_wrapper\"><\/div><\/div><\/div><\/div><\/div><div      class=\"vc_row wpb_row section vc_row-fluid\" style=' text-align:left;'><div class=\"full_section_inner clearfix\"><div class=\"wpb_column vc_column_container vc_col-sm-12\"><div class=\"vc_column-inner\"><div class=\"wpb_wrapper\">\t<div class=\"vc_empty_space\"  style=\"height: 20px\" ><span\n\t\t\tclass=\"vc_empty_space_inner\">\n\t\t\t<span class=\"empty_space_image\"  ><\/span>\n\t\t<\/span><\/div>\n\n<\/div><\/div><\/div><\/div><\/div>\n<\/div>","protected":false},"excerpt":{"rendered":"AVISO DE PRIVACIDAD DE ALANSALOMON.TV Alan Salomon (en adelante \u201cAlan Salomon\u201d), es la responsable del uso y protecci\u00f3n de sus datos personales de conformidad con lo previsto en la Ley Federal de Protecci\u00f3n de Datos Personales en Posesi\u00f3n de los Particulares, y al respecto le...","protected":false},"author":2,"featured_media":0,"parent":0,"menu_order":0,"comment_status":"closed","ping_status":"closed","template":"","meta":{"footnotes":""},"class_list":["post-16021","page","type-page","status-publish","hentry"],"_links":{"self":[{"href":"https:\/\/www.alansalomon.tv\/en\/wp-json\/wp\/v2\/pages\/16021","targetHints":{"allow":["GET"]}}],"collection":[{"href":"https:\/\/www.alansalomon.tv\/en\/wp-json\/wp\/v2\/pages"}],"about":[{"href":"https:\/\/www.alansalomon.tv\/en\/wp-json\/wp\/v2\/types\/page"}],"author":[{"embeddable":true,"href":"https:\/\/www.alansalomon.tv\/en\/wp-json\/wp\/v2\/users\/2"}],"replies":[{"embeddable":true,"href":"https:\/\/www.alansalomon.tv\/en\/wp-json\/wp\/v2\/comments?post=16021"}],"version-history":[{"count":11,"href":"https:\/\/www.alansalomon.tv\/en\/wp-json\/wp\/v2\/pages\/16021\/revisions"}],"predecessor-version":[{"id":16035,"href":"https:\/\/www.alansalomon.tv\/en\/wp-json\/wp\/v2\/pages\/16021\/revisions\/16035"}],"wp:attachment":[{"href":"https:\/\/www.alansalomon.tv\/en\/wp-json\/wp\/v2\/media?parent=16021"}],"curies":[{"name":"wp","href":"https:\/\/api.w.org\/{rel}","templated":true}]}}